{"id":5185,"date":"2024-06-04T21:35:39","date_gmt":"2024-06-04T18:35:39","guid":{"rendered":"https:\/\/tasku.lt\/?post_type=product&#038;p=5185"},"modified":"2025-12-02T01:35:42","modified_gmt":"2025-12-01T23:35:42","slug":"svarkelio-tipo-dzemperis-wind","status":"publish","type":"product","link":"https:\/\/tasku.lt\/en\/product\/svarkelio-tipo-dzemperis-wind\/","title":{"rendered":"\u0160varkelio tipo D\u017eemperis WIND"},"content":{"rendered":"","protected":false},"excerpt":{"rendered":"<p><b>Apie produkt\u0105<br \/>\n<\/b>Moteri\u0161kas \u0161varkelio tipo d\u017eemperis su su dir\u017eu ir ki\u0161en\u0117mis.<\/p>\n<p><strong>Sud\u0117tis<\/strong><br \/>\n90% medviln\u0117, 10% poliesteris<\/p>\n<p><b>I\u0161matavimai<\/b><br \/>\n<span data-sheets-value=\"{&quot;1&quot;:2,&quot;2&quot;:&quot;Chest measurements by size:nS\/M \u2013 55 cm nM\/L \u2013 62 cm &quot;}\" data-sheets-userformat=\"{&quot;2&quot;:769,&quot;3&quot;:{&quot;1&quot;:0},&quot;11&quot;:4,&quot;12&quot;:0}\">Kr\u016btin\u0117s i\u0161matavimai pagal dyd\u012f:<br \/>\nS \u2013 50 cm<br \/>\nM \u2013 52 cm<br \/>\nL \u2013 54 cm<\/span><\/p>\n<p><span data-sheets-value=\"{&quot;1&quot;:2,&quot;2&quot;:&quot;Chest measurements by size:n 60 cmn&quot;}\" data-sheets-userformat=\"{&quot;2&quot;:769,&quot;3&quot;:{&quot;1&quot;:0},&quot;11&quot;:4,&quot;12&quot;:0}\">Ilgis pagal dyd\u012f:<br \/>\nS \u2013 55 cm<br \/>\nM \u2013 55 cm<br \/>\nL \u2013 55 cm<\/span><\/p>\n<p>Rankov\u0117s ilgis (matuojant nuo pa\u017easties) <span data-sheets-value=\"{&quot;1&quot;:2,&quot;2&quot;:&quot;Chest measurements by size:n 60 cmn&quot;}\" data-sheets-userformat=\"{&quot;2&quot;:769,&quot;3&quot;:{&quot;1&quot;:0},&quot;11&quot;:4,&quot;12&quot;:0}\">\u2013 44 cm<\/span><\/p>\n<p><b>Modelio \u016bgis: 178 cm<\/b><\/p>","protected":false},"featured_media":5189,"template":"","meta":{"_acf_changed":false},"product_brand":[],"product_cat":[57,62,59,63],"product_tag":[],"class_list":{"0":"post-5185","1":"product","2":"type-product","3":"status-publish","4":"has-post-thumbnail","6":"product_cat-dzemperiai","7":"product_cat-kita","8":"product_cat-moterims","9":"product_cat-produktai","10":"pa_size-s","11":"pa_size-m","12":"pa_size-l","14":"first","15":"instock","16":"featured","17":"shipping-taxable","18":"purchasable","19":"product-type-variable"},"acf":[],"jetpack_sharing_enabled":true,"_links":{"self":[{"href":"https:\/\/tasku.lt\/en\/wp-json\/wp\/v2\/product\/5185","targetHints":{"allow":["GET"]}}],"collection":[{"href":"https:\/\/tasku.lt\/en\/wp-json\/wp\/v2\/product"}],"about":[{"href":"https:\/\/tasku.lt\/en\/wp-json\/wp\/v2\/types\/product"}],"wp:featuredmedia":[{"embeddable":true,"href":"https:\/\/tasku.lt\/en\/wp-json\/wp\/v2\/media\/5189"}],"wp:attachment":[{"href":"https:\/\/tasku.lt\/en\/wp-json\/wp\/v2\/media?parent=5185"}],"wp:term":[{"taxonomy":"product_brand","embeddable":true,"href":"https:\/\/tasku.lt\/en\/wp-json\/wp\/v2\/product_brand?post=5185"},{"taxonomy":"product_cat","embeddable":true,"href":"https:\/\/tasku.lt\/en\/wp-json\/wp\/v2\/product_cat?post=5185"},{"taxonomy":"product_tag","embeddable":true,"href":"https:\/\/tasku.lt\/en\/wp-json\/wp\/v2\/product_tag?post=5185"}],"curies":[{"name":"wp","href":"https:\/\/api.w.org\/{rel}","templated":true}]}}