{"id":5105,"date":"2024-06-04T21:36:04","date_gmt":"2024-06-04T18:36:04","guid":{"rendered":"https:\/\/tasku.lt\/?post_type=product&#038;p=5105"},"modified":"2026-04-25T01:38:23","modified_gmt":"2026-04-24T22:38:23","slug":"balta-suknele-porto","status":"publish","type":"product","link":"https:\/\/tasku.lt\/en\/product\/balta-suknele-porto\/","title":{"rendered":"Balta Suknel\u0117 PORTO"},"content":{"rendered":"","protected":false},"excerpt":{"rendered":"<p><b>Apie produkt\u0105<br \/>\n<\/b>Moteri\u0161ka suknel\u0117 ant petne\u0161\u0117li\u0173, laisvo silueto, lengvo audinio. Turi ki\u0161enes. Audinys nesiglam\u017eo.<\/p>\n<p><strong>Sud\u0117tis<\/strong><br \/>\n100% poliesteris<\/p>\n<p><b>I\u0161matavimai<\/b><br \/>\n<span data-sheets-value=\"{&quot;1&quot;:2,&quot;2&quot;:&quot;Chest measurements by size:nS\/M \u2013 55 cm nM\/L \u2013 62 cm &quot;}\" data-sheets-userformat=\"{&quot;2&quot;:769,&quot;3&quot;:{&quot;1&quot;:0},&quot;11&quot;:4,&quot;12&quot;:0}\">Kr\u016btin\u0117s i\u0161matavimai pagal dyd\u012f:<br \/>\nS \u2013 54 cm<br \/>\nM \u2013 56 cm<br \/>\nL \u2013 58 cm<\/span><\/p>\n<p><span data-sheets-value=\"{&quot;1&quot;:2,&quot;2&quot;:&quot;Chest measurements by size:nS\/M \u2013 55 cm nM\/L \u2013 62 cm &quot;}\" data-sheets-userformat=\"{&quot;2&quot;:769,&quot;3&quot;:{&quot;1&quot;:0},&quot;11&quot;:4,&quot;12&quot;:0}\">Klub\u0173 i\u0161matavimai pagal dyd\u012f:<br \/>\nS \u2013 64 cm<br \/>\nM \u2013 66 cm<br \/>\nL \u2013 68 cm<\/span><\/p>\n<p><span data-sheets-value=\"{&quot;1&quot;:2,&quot;2&quot;:&quot;Chest measurements by size:n 60 cmn&quot;}\" data-sheets-userformat=\"{&quot;2&quot;:769,&quot;3&quot;:{&quot;1&quot;:0},&quot;11&quot;:4,&quot;12&quot;:0}\">Ilgis \u2013 148 cm<\/span><\/p>\n<p><b>Modelio \u016bgis: 178 cm<\/b><\/p>","protected":false},"featured_media":5113,"template":"","meta":{"_acf_changed":false},"product_brand":[],"product_cat":[63,54],"product_tag":[],"class_list":{"0":"post-5105","1":"product","2":"type-product","3":"status-publish","4":"has-post-thumbnail","6":"product_cat-produktai","7":"product_cat-sukneles","8":"pa_size-s","9":"pa_size-m","10":"pa_size-l","12":"first","13":"instock","14":"featured","15":"shipping-taxable","16":"purchasable","17":"product-type-variable"},"acf":[],"jetpack_sharing_enabled":true,"_links":{"self":[{"href":"https:\/\/tasku.lt\/en\/wp-json\/wp\/v2\/product\/5105","targetHints":{"allow":["GET"]}}],"collection":[{"href":"https:\/\/tasku.lt\/en\/wp-json\/wp\/v2\/product"}],"about":[{"href":"https:\/\/tasku.lt\/en\/wp-json\/wp\/v2\/types\/product"}],"wp:featuredmedia":[{"embeddable":true,"href":"https:\/\/tasku.lt\/en\/wp-json\/wp\/v2\/media\/5113"}],"wp:attachment":[{"href":"https:\/\/tasku.lt\/en\/wp-json\/wp\/v2\/media?parent=5105"}],"wp:term":[{"taxonomy":"product_brand","embeddable":true,"href":"https:\/\/tasku.lt\/en\/wp-json\/wp\/v2\/product_brand?post=5105"},{"taxonomy":"product_cat","embeddable":true,"href":"https:\/\/tasku.lt\/en\/wp-json\/wp\/v2\/product_cat?post=5105"},{"taxonomy":"product_tag","embeddable":true,"href":"https:\/\/tasku.lt\/en\/wp-json\/wp\/v2\/product_tag?post=5105"}],"curies":[{"name":"wp","href":"https:\/\/api.w.org\/{rel}","templated":true}]}}