{"id":4761,"date":"2023-10-22T12:22:44","date_gmt":"2023-10-22T09:22:44","guid":{"rendered":"http:\/\/tasku.lt\/?post_type=product&#038;p=4761"},"modified":"2025-12-05T00:00:34","modified_gmt":"2025-12-04T22:00:34","slug":"juodas-dirzu-sujuosiamas-paltas","status":"publish","type":"product","link":"https:\/\/tasku.lt\/en\/product\/juodas-dirzu-sujuosiamas-paltas\/","title":{"rendered":"Juodas Dir\u017eu Sujuosiamas Paltas"},"content":{"rendered":"","protected":false},"excerpt":{"rendered":"<p><b>Apie produkt\u0105<br \/>\n<\/b><span data-sheets-value=\"{&quot;1&quot;:2,&quot;2&quot;:&quot;Moteri\u0161kas juodas spalvos audinio paltas. Turi ki\u0161enes, dir\u017e\u0105. U\u017esisega dviem sagomis. Labai malonaus audinio. Pagaminta \u010cekijoje.&quot;}\" data-sheets-userformat=\"{&quot;2&quot;:771,&quot;3&quot;:{&quot;1&quot;:0},&quot;4&quot;:{&quot;1&quot;:2,&quot;2&quot;:16777215},&quot;11&quot;:4,&quot;12&quot;:0}\">Moteri\u0161kas juodas spalvos audinio paltas. Turi ki\u0161enes, dir\u017e\u0105. U\u017esisega dviem sagomis. Labai malonaus audinio. Pagaminta \u010cekijoje.<\/span><\/p>\n<p><b>Modelio \u016bgis: 172 cm<\/b><\/p>","protected":false},"featured_media":4765,"template":"","meta":{"_acf_changed":false},"product_brand":[],"product_cat":[60,62,63],"product_tag":[],"class_list":{"0":"post-4761","1":"product","2":"type-product","3":"status-publish","4":"has-post-thumbnail","6":"product_cat-ispardavimas","7":"product_cat-kita","8":"product_cat-produktai","9":"pa_size-s","10":"pa_size-m","11":"pa_size-l","13":"first","14":"outofstock","15":"shipping-taxable","16":"product-type-variable"},"acf":[],"jetpack_sharing_enabled":true,"_links":{"self":[{"href":"https:\/\/tasku.lt\/en\/wp-json\/wp\/v2\/product\/4761","targetHints":{"allow":["GET"]}}],"collection":[{"href":"https:\/\/tasku.lt\/en\/wp-json\/wp\/v2\/product"}],"about":[{"href":"https:\/\/tasku.lt\/en\/wp-json\/wp\/v2\/types\/product"}],"wp:featuredmedia":[{"embeddable":true,"href":"https:\/\/tasku.lt\/en\/wp-json\/wp\/v2\/media\/4765"}],"wp:attachment":[{"href":"https:\/\/tasku.lt\/en\/wp-json\/wp\/v2\/media?parent=4761"}],"wp:term":[{"taxonomy":"product_brand","embeddable":true,"href":"https:\/\/tasku.lt\/en\/wp-json\/wp\/v2\/product_brand?post=4761"},{"taxonomy":"product_cat","embeddable":true,"href":"https:\/\/tasku.lt\/en\/wp-json\/wp\/v2\/product_cat?post=4761"},{"taxonomy":"product_tag","embeddable":true,"href":"https:\/\/tasku.lt\/en\/wp-json\/wp\/v2\/product_tag?post=4761"}],"curies":[{"name":"wp","href":"https:\/\/api.w.org\/{rel}","templated":true}]}}