{"id":4553,"date":"2023-06-17T20:15:04","date_gmt":"2023-06-17T17:15:04","guid":{"rendered":"http:\/\/tasku.lt\/?post_type=product&#038;p=4553"},"modified":"2025-12-02T01:35:42","modified_gmt":"2025-12-01T23:35:42","slug":"marga-palaidine-pustomis-rankovemis","status":"publish","type":"product","link":"https:\/\/tasku.lt\/en\/product\/marga-palaidine-pustomis-rankovemis\/","title":{"rendered":"Marga Palaidin\u0117 P\u016bstomis Rankov\u0117mis"},"content":{"rendered":"","protected":false},"excerpt":{"rendered":"<p><b>Apie produkt\u0105<br \/>\n<\/b>Moteri\u0161ka palaidin\u0117 laisvo modelio, p\u016bstomis trij\u0173 ketvir\u010di\u0173 rankov\u0117mis.<\/p>\n<p><strong>Sud\u0117tis<\/strong><br \/>\n100% poliesteris<\/p>\n<p><b>I\u0161matavimai<br \/>\n<\/b>Kr\u016btin\u0117s i\u0161matavimai pagal dyd\u012f:<br \/>\nS \u2013 46 cm<br \/>\nM \u2013 50 cm<br \/>\nL \u2013 54 cm<\/p>\n<p><span data-sheets-value=\"{&quot;1&quot;:2,&quot;2&quot;:&quot;Chest measurements by size:n 60 cmn&quot;}\" data-sheets-userformat=\"{&quot;2&quot;:769,&quot;3&quot;:{&quot;1&quot;:0},&quot;11&quot;:4,&quot;12&quot;:0}\">Ilgis \u2013 55 cm<\/span><\/p>\n<p><span data-sheets-value=\"{&quot;1&quot;:2,&quot;2&quot;:&quot;Chest measurements by size:n 60 cmn&quot;}\" data-sheets-userformat=\"{&quot;2&quot;:769,&quot;3&quot;:{&quot;1&quot;:0},&quot;11&quot;:4,&quot;12&quot;:0}\">Rankov\u0117s ilgis (matuojant nuo pa\u017easties) \u2013 40 cm<br \/>\n<\/span><\/p>\n<p><b>Modelio \u016bgis: 172 cm<\/b><\/p>","protected":false},"featured_media":4557,"template":"","meta":{"_acf_changed":false},"product_brand":[],"product_cat":[60,64,24,63,36,27],"product_tag":[],"class_list":{"0":"post-4553","1":"product","2":"type-product","3":"status-publish","4":"has-post-thumbnail","6":"product_cat-ispardavimas","7":"product_cat-marskineliai-ir-palaidines","8":"product_cat-products","9":"product_cat-produktai","10":"product_cat-sale","11":"product_cat-t-shirts","12":"pa_size-s","13":"pa_size-m","14":"pa_size-l","16":"first","17":"instock","18":"shipping-taxable","19":"purchasable","20":"product-type-variable"},"acf":[],"jetpack_sharing_enabled":true,"_links":{"self":[{"href":"https:\/\/tasku.lt\/en\/wp-json\/wp\/v2\/product\/4553","targetHints":{"allow":["GET"]}}],"collection":[{"href":"https:\/\/tasku.lt\/en\/wp-json\/wp\/v2\/product"}],"about":[{"href":"https:\/\/tasku.lt\/en\/wp-json\/wp\/v2\/types\/product"}],"wp:featuredmedia":[{"embeddable":true,"href":"https:\/\/tasku.lt\/en\/wp-json\/wp\/v2\/media\/4557"}],"wp:attachment":[{"href":"https:\/\/tasku.lt\/en\/wp-json\/wp\/v2\/media?parent=4553"}],"wp:term":[{"taxonomy":"product_brand","embeddable":true,"href":"https:\/\/tasku.lt\/en\/wp-json\/wp\/v2\/product_brand?post=4553"},{"taxonomy":"product_cat","embeddable":true,"href":"https:\/\/tasku.lt\/en\/wp-json\/wp\/v2\/product_cat?post=4553"},{"taxonomy":"product_tag","embeddable":true,"href":"https:\/\/tasku.lt\/en\/wp-json\/wp\/v2\/product_tag?post=4553"}],"curies":[{"name":"wp","href":"https:\/\/api.w.org\/{rel}","templated":true}]}}