{"id":4477,"date":"2023-06-17T19:26:16","date_gmt":"2023-06-17T16:26:16","guid":{"rendered":"http:\/\/tasku.lt\/?post_type=product&#038;p=4477"},"modified":"2025-12-02T01:35:43","modified_gmt":"2025-12-01T23:35:43","slug":"rozine-suknele-porto","status":"publish","type":"product","link":"https:\/\/tasku.lt\/en\/product\/rozine-suknele-porto\/","title":{"rendered":"Ro\u017ein\u0117 Suknel\u0117 PORTO"},"content":{"rendered":"","protected":false},"excerpt":{"rendered":"<p><b>Apie produkt\u0105<br \/>\n<\/b>Moteri\u0161ka suknel\u0117 ant petne\u0161\u0117li\u0173, laisvo silueto, lengvo audinio. Turi ki\u0161enes. Audinys nesiglam\u017eo.<\/p>\n<p><strong>Sud\u0117tis<\/strong><br \/>\n100% poliesteris<\/p>\n<p><b>I\u0161matavimai<br \/>\n<\/b>Kr\u016btin\u0117s i\u0161matavimai pagal dyd\u012f:<br \/>\nS \u2013 54 cm<br \/>\nM \u2013 56 cm<br \/>\nL \u2013 58 cm<\/p>\n<p><span data-sheets-value=\"{&quot;1&quot;:2,&quot;2&quot;:&quot;Chest measurements by size:n 60 cmn&quot;}\" data-sheets-userformat=\"{&quot;2&quot;:769,&quot;3&quot;:{&quot;1&quot;:0},&quot;11&quot;:4,&quot;12&quot;:0}\">Ilgis \u2013 148 cm<\/span><\/p>\n<p><span data-sheets-value=\"{&quot;1&quot;:2,&quot;2&quot;:&quot;Chest measurements by size:n 60 cmn&quot;}\" data-sheets-userformat=\"{&quot;2&quot;:769,&quot;3&quot;:{&quot;1&quot;:0},&quot;11&quot;:4,&quot;12&quot;:0}\">Klub\u0173 i\u0161matavimai pagal dyd\u012f:<br \/>\nS \u2013 64 cm<br \/>\nM \u2013 66 cm<br \/>\nL \u2013 68 cm<\/span><\/p>\n<p><b>Modelio \u016bgis: 172 cm<\/b><\/p>","protected":false},"featured_media":4524,"template":"","meta":{"_acf_changed":false},"product_brand":[],"product_cat":[28,24,63,54],"product_tag":[],"class_list":{"0":"post-4477","1":"product","2":"type-product","3":"status-publish","4":"has-post-thumbnail","6":"product_cat-dresses","7":"product_cat-products","8":"product_cat-produktai","9":"product_cat-sukneles","10":"pa_size-s","11":"pa_size-m","12":"pa_size-l","14":"first","15":"instock","16":"shipping-taxable","17":"purchasable","18":"product-type-variable"},"acf":[],"jetpack_sharing_enabled":true,"_links":{"self":[{"href":"https:\/\/tasku.lt\/en\/wp-json\/wp\/v2\/product\/4477","targetHints":{"allow":["GET"]}}],"collection":[{"href":"https:\/\/tasku.lt\/en\/wp-json\/wp\/v2\/product"}],"about":[{"href":"https:\/\/tasku.lt\/en\/wp-json\/wp\/v2\/types\/product"}],"wp:featuredmedia":[{"embeddable":true,"href":"https:\/\/tasku.lt\/en\/wp-json\/wp\/v2\/media\/4524"}],"wp:attachment":[{"href":"https:\/\/tasku.lt\/en\/wp-json\/wp\/v2\/media?parent=4477"}],"wp:term":[{"taxonomy":"product_brand","embeddable":true,"href":"https:\/\/tasku.lt\/en\/wp-json\/wp\/v2\/product_brand?post=4477"},{"taxonomy":"product_cat","embeddable":true,"href":"https:\/\/tasku.lt\/en\/wp-json\/wp\/v2\/product_cat?post=4477"},{"taxonomy":"product_tag","embeddable":true,"href":"https:\/\/tasku.lt\/en\/wp-json\/wp\/v2\/product_tag?post=4477"}],"curies":[{"name":"wp","href":"https:\/\/api.w.org\/{rel}","templated":true}]}}