{"id":4450,"date":"2023-06-17T20:35:31","date_gmt":"2023-06-17T17:35:31","guid":{"rendered":"http:\/\/tasku.lt\/?post_type=product&#038;p=4450"},"modified":"2025-12-02T01:35:42","modified_gmt":"2025-12-01T23:35:42","slug":"zalias-dzemperis-su-kutais-nugaroje","status":"publish","type":"product","link":"https:\/\/tasku.lt\/en\/product\/zalias-dzemperis-su-kutais-nugaroje\/","title":{"rendered":"\u017dalias D\u017eemperis su Kutais Nugaroje"},"content":{"rendered":"","protected":false},"excerpt":{"rendered":"<p><b>Apie produkt\u0105<br \/>\n<\/b>\u017dalias oversize modelio moteri\u0161kas d\u017eemperis dekoruotas kutais nugaroje. Turi ki\u0161enes.<\/p>\n<p><strong>Sud\u0117tis<\/strong><br \/>\n90% medviln\u0117, 10% poliesteris<\/p>\n<p><b>I\u0161matavimai<\/b><br \/>\n<span data-sheets-value=\"{&quot;1&quot;:2,&quot;2&quot;:&quot;Chest measurements by size:nS\/M \u2013 55 cm nM\/L \u2013 62 cm &quot;}\" data-sheets-userformat=\"{&quot;2&quot;:769,&quot;3&quot;:{&quot;1&quot;:0},&quot;11&quot;:4,&quot;12&quot;:0}\">Kr\u016btin\u0117s i\u0161matavimai pagal dyd\u012f:<br \/>\nS\/M \u2013 53 cm<br \/>\nM\/L \u2013 60 cm<br \/>\n<\/span><\/p>\n<p><span data-sheets-value=\"{&quot;1&quot;:2,&quot;2&quot;:&quot;Chest measurements by size:n 60 cmn&quot;}\" data-sheets-userformat=\"{&quot;2&quot;:769,&quot;3&quot;:{&quot;1&quot;:0},&quot;11&quot;:4,&quot;12&quot;:0}\">Ilgis pagal dyd\u012f:<br \/>\nS\/M \u2013 60 cm<br \/>\nM\/L \u2013 64 cm<br \/>\n<\/span><\/p>\n<p><span data-sheets-value=\"{&quot;1&quot;:2,&quot;2&quot;:&quot;Chest measurements by size:n 60 cmn&quot;}\" data-sheets-userformat=\"{&quot;2&quot;:769,&quot;3&quot;:{&quot;1&quot;:0},&quot;11&quot;:4,&quot;12&quot;:0}\">Rankov\u0117s ilgis (matuojant nuo pa\u017easties):<br \/>\nS\/M \u2013 44 cm<br \/>\nM\/L \u2013 44 cm<br \/>\n<\/span><\/p>\n<p><b>Modelio \u016bgis: 172 cm<\/b><\/p>","protected":false},"featured_media":4500,"template":"","meta":{"_acf_changed":false},"product_brand":[],"product_cat":[57,31,59,24,63,25],"product_tag":[],"class_list":{"0":"post-4450","1":"product","2":"type-product","3":"status-publish","4":"has-post-thumbnail","6":"product_cat-dzemperiai","7":"product_cat-for-women","8":"product_cat-moterims","9":"product_cat-products","10":"product_cat-produktai","11":"product_cat-sweatshirts","12":"pa_size-s-m","13":"pa_size-m-l","15":"first","16":"instock","17":"featured","18":"shipping-taxable","19":"purchasable","20":"product-type-variable"},"acf":[],"jetpack_sharing_enabled":true,"_links":{"self":[{"href":"https:\/\/tasku.lt\/en\/wp-json\/wp\/v2\/product\/4450","targetHints":{"allow":["GET"]}}],"collection":[{"href":"https:\/\/tasku.lt\/en\/wp-json\/wp\/v2\/product"}],"about":[{"href":"https:\/\/tasku.lt\/en\/wp-json\/wp\/v2\/types\/product"}],"wp:featuredmedia":[{"embeddable":true,"href":"https:\/\/tasku.lt\/en\/wp-json\/wp\/v2\/media\/4500"}],"wp:attachment":[{"href":"https:\/\/tasku.lt\/en\/wp-json\/wp\/v2\/media?parent=4450"}],"wp:term":[{"taxonomy":"product_brand","embeddable":true,"href":"https:\/\/tasku.lt\/en\/wp-json\/wp\/v2\/product_brand?post=4450"},{"taxonomy":"product_cat","embeddable":true,"href":"https:\/\/tasku.lt\/en\/wp-json\/wp\/v2\/product_cat?post=4450"},{"taxonomy":"product_tag","embeddable":true,"href":"https:\/\/tasku.lt\/en\/wp-json\/wp\/v2\/product_tag?post=4450"}],"curies":[{"name":"wp","href":"https:\/\/api.w.org\/{rel}","templated":true}]}}