{"id":4205,"date":"2022-11-03T20:41:26","date_gmt":"2022-11-03T18:41:26","guid":{"rendered":"http:\/\/tasku.lt\/?post_type=product&#038;p=4205"},"modified":"2025-12-09T10:13:36","modified_gmt":"2025-12-09T08:13:36","slug":"juodas-dzemperis-dovydas-2","status":"publish","type":"product","link":"https:\/\/tasku.lt\/en\/product\/juodas-dzemperis-dovydas-2\/","title":{"rendered":"Juodas D\u017eemperis DOVYDAS"},"content":{"rendered":"","protected":false},"excerpt":{"rendered":"<p><b>Apie produkt\u0105<br \/>\n<\/b>Juodas moteri\u0161kas d\u017eemperis dekoruotas m\u016bs\u0173 kurtu pie\u0161iniu. Dalis pie\u0161inio pie\u0161iama rankomis tiesiai ant d\u017eemperio. Turi ki\u0161enes.<\/p>\n<p><strong>Sud\u0117tis<\/strong><br \/>\n90% medviln\u0117, 10% poliesteris<\/p>\n<p><b>I\u0161matavimai<\/b><br \/>\n<span data-sheets-value=\"{&quot;1&quot;:2,&quot;2&quot;:&quot;Chest measurements by size:nS\/M \u2013 55 cm nM\/L \u2013 62 cm &quot;}\" data-sheets-userformat=\"{&quot;2&quot;:769,&quot;3&quot;:{&quot;1&quot;:0},&quot;11&quot;:4,&quot;12&quot;:0}\">Kr\u016btin\u0117s i\u0161matavimai pagal dyd\u012f:<br \/>\nS\/M \u2013 55 cm<br \/>\nM\/L \u2013 62 cm<br \/>\n<\/span><\/p>\n<p><span data-sheets-value=\"{&quot;1&quot;:2,&quot;2&quot;:&quot;Chest measurements by size:n 60 cmn&quot;}\" data-sheets-userformat=\"{&quot;2&quot;:769,&quot;3&quot;:{&quot;1&quot;:0},&quot;11&quot;:4,&quot;12&quot;:0}\">Ilgis pagal dyd\u012f:<br \/>\nS\/M \u2013 72 cm<br \/>\nM\/L \u2013 72 cm<br \/>\n<\/span><\/p>\n<p><span data-sheets-value=\"{&quot;1&quot;:2,&quot;2&quot;:&quot;Chest measurements by size:n 60 cmn&quot;}\" data-sheets-userformat=\"{&quot;2&quot;:769,&quot;3&quot;:{&quot;1&quot;:0},&quot;11&quot;:4,&quot;12&quot;:0}\">Rankov\u0117s ilgis (matuojant nuo pa\u017easties):<br \/>\nS\/M \u2013 48 cm<br \/>\nM\/L \u2013 48 cm<br \/>\n<\/span><\/p>\n<p><b>Modelio \u016bgis: 172 cm<\/b><\/p>","protected":false},"featured_media":4208,"template":"","meta":{"_acf_changed":false},"product_brand":[],"product_cat":[57,31,59,63,25],"product_tag":[],"class_list":{"0":"post-4205","1":"product","2":"type-product","3":"status-publish","4":"has-post-thumbnail","6":"product_cat-dzemperiai","7":"product_cat-for-women","8":"product_cat-moterims","9":"product_cat-produktai","10":"product_cat-sweatshirts","11":"pa_size-s-m","12":"pa_size-m-l","14":"first","15":"instock","16":"shipping-taxable","17":"purchasable","18":"product-type-variable"},"acf":[],"jetpack_sharing_enabled":true,"_links":{"self":[{"href":"https:\/\/tasku.lt\/en\/wp-json\/wp\/v2\/product\/4205","targetHints":{"allow":["GET"]}}],"collection":[{"href":"https:\/\/tasku.lt\/en\/wp-json\/wp\/v2\/product"}],"about":[{"href":"https:\/\/tasku.lt\/en\/wp-json\/wp\/v2\/types\/product"}],"wp:featuredmedia":[{"embeddable":true,"href":"https:\/\/tasku.lt\/en\/wp-json\/wp\/v2\/media\/4208"}],"wp:attachment":[{"href":"https:\/\/tasku.lt\/en\/wp-json\/wp\/v2\/media?parent=4205"}],"wp:term":[{"taxonomy":"product_brand","embeddable":true,"href":"https:\/\/tasku.lt\/en\/wp-json\/wp\/v2\/product_brand?post=4205"},{"taxonomy":"product_cat","embeddable":true,"href":"https:\/\/tasku.lt\/en\/wp-json\/wp\/v2\/product_cat?post=4205"},{"taxonomy":"product_tag","embeddable":true,"href":"https:\/\/tasku.lt\/en\/wp-json\/wp\/v2\/product_tag?post=4205"}],"curies":[{"name":"wp","href":"https:\/\/api.w.org\/{rel}","templated":true}]}}