{"id":4154,"date":"2022-11-03T19:58:47","date_gmt":"2022-11-03T17:58:47","guid":{"rendered":"http:\/\/tasku.lt\/?post_type=product&#038;p=4154"},"modified":"2025-12-09T10:15:57","modified_gmt":"2025-12-09T08:15:57","slug":"laisvo-modelio-palaidine","status":"publish","type":"product","link":"https:\/\/tasku.lt\/en\/product\/laisvo-modelio-palaidine\/","title":{"rendered":"Laisvo Modelio Palaidin\u0117"},"content":{"rendered":"","protected":false},"excerpt":{"rendered":"<p><b>Apie produkt\u0105<br \/>\n<\/b>Vieno dyd\u017eio moteri\u0161ka languoto lengvo audinio palaidin\u0117 su dekoruotais rai\u0161teliais priekyje. Nugarin\u0117 dalis ilgesn\u0117 u\u017e priek\u012f. Audinys nesiglam\u017eo. Turi ki\u0161enes.<\/p>\n<p><strong>Sud\u0117tis<\/strong><br \/>\n100% poliesteris<\/p>\n<p><b>I\u0161matavimai<\/b><br \/>\n<span data-sheets-value=\"{&quot;1&quot;:2,&quot;2&quot;:&quot;Chest measurements by size:nS\/M \u2013 55 cm nM\/L \u2013 62 cm &quot;}\" data-sheets-userformat=\"{&quot;2&quot;:769,&quot;3&quot;:{&quot;1&quot;:0},&quot;11&quot;:4,&quot;12&quot;:0}\">Kr\u016btin\u0117s i\u0161matavimai \u2013 58 cm<br \/>\n<\/span><\/p>\n<p><span data-sheets-value=\"{&quot;1&quot;:2,&quot;2&quot;:&quot;Chest measurements by size:n 60 cmn&quot;}\" data-sheets-userformat=\"{&quot;2&quot;:769,&quot;3&quot;:{&quot;1&quot;:0},&quot;11&quot;:4,&quot;12&quot;:0}\">Ilgis:<br \/>\npriekyje &#8211; 68 cm<br \/>\nnugaroje &#8211; 82 cm<br \/>\n<\/span><\/p>\n<p><span data-sheets-value=\"{&quot;1&quot;:2,&quot;2&quot;:&quot;Chest measurements by size:n 60 cmn&quot;}\" data-sheets-userformat=\"{&quot;2&quot;:769,&quot;3&quot;:{&quot;1&quot;:0},&quot;11&quot;:4,&quot;12&quot;:0}\">Rankov\u0117s ilgis (matuojant nuo pa\u017easties) \u2013 44 cm<br \/>\n<\/span><\/p>\n<p><b>Modelio \u016bgis: 172 cm<\/b><\/p>","protected":false},"featured_media":4157,"template":"","meta":{"_acf_changed":false},"product_brand":[],"product_cat":[60,64,63],"product_tag":[],"class_list":{"0":"post-4154","1":"product","2":"type-product","3":"status-publish","4":"has-post-thumbnail","6":"product_cat-ispardavimas","7":"product_cat-marskineliai-ir-palaidines","8":"product_cat-produktai","10":"first","11":"instock","12":"shipping-taxable","13":"purchasable","14":"product-type-simple"},"acf":[],"jetpack_sharing_enabled":true,"_links":{"self":[{"href":"https:\/\/tasku.lt\/en\/wp-json\/wp\/v2\/product\/4154","targetHints":{"allow":["GET"]}}],"collection":[{"href":"https:\/\/tasku.lt\/en\/wp-json\/wp\/v2\/product"}],"about":[{"href":"https:\/\/tasku.lt\/en\/wp-json\/wp\/v2\/types\/product"}],"wp:featuredmedia":[{"embeddable":true,"href":"https:\/\/tasku.lt\/en\/wp-json\/wp\/v2\/media\/4157"}],"wp:attachment":[{"href":"https:\/\/tasku.lt\/en\/wp-json\/wp\/v2\/media?parent=4154"}],"wp:term":[{"taxonomy":"product_brand","embeddable":true,"href":"https:\/\/tasku.lt\/en\/wp-json\/wp\/v2\/product_brand?post=4154"},{"taxonomy":"product_cat","embeddable":true,"href":"https:\/\/tasku.lt\/en\/wp-json\/wp\/v2\/product_cat?post=4154"},{"taxonomy":"product_tag","embeddable":true,"href":"https:\/\/tasku.lt\/en\/wp-json\/wp\/v2\/product_tag?post=4154"}],"curies":[{"name":"wp","href":"https:\/\/api.w.org\/{rel}","templated":true}]}}