{"id":3915,"date":"2022-06-12T23:16:12","date_gmt":"2022-06-13T17:59:16","guid":{"rendered":"http:\/\/tasku.lt\/?post_type=product&#038;p=3915"},"modified":"2025-12-02T01:35:43","modified_gmt":"2025-12-01T23:35:43","slug":"sujuosiama-suknele-levand","status":"publish","type":"product","link":"https:\/\/tasku.lt\/en\/product\/sujuosiama-suknele-levand\/","title":{"rendered":"Sujuosiama suknel\u0117 LEVAND"},"content":{"rendered":"","protected":false},"excerpt":{"rendered":"<p><b>Apie produkt\u0105<br \/>\n<\/b>Moteri\u0161ka sujuosiama dir\u017eu suknel\u0117 iki keli\u0173, pagaminta i\u0161 lengvai krentan\u010dio audinio. Juosmuo reguliuojasi, tod\u0117l gali prisitaikyti prie skirting\u0173 k\u016bno form\u0173. Laisvomis rankov\u0117mis.Turi ki\u0161enes.<\/p>\n<p><strong>Sud\u0117tis<\/strong><br \/>\n100% poliesteris<\/p>\n<p><b>I\u0161matavimai<\/b><br \/>\n<span data-sheets-value=\"{&quot;1&quot;:2,&quot;2&quot;:&quot;Chest measurements by size:nS\/M \u2013 55 cm nM\/L \u2013 62 cm &quot;}\" data-sheets-userformat=\"{&quot;2&quot;:769,&quot;3&quot;:{&quot;1&quot;:0},&quot;11&quot;:4,&quot;12&quot;:0}\">Kr\u016btin\u0117s i\u0161matavimai pagal dyd\u012f:<br \/>\nS \u201350 cm<br \/>\nM \u2013 54 cm<br \/>\nL \u2013 58 cm <\/span><\/p>\n<p><span data-sheets-value=\"{&quot;1&quot;:2,&quot;2&quot;:&quot;Chest measurements by size:n 60 cmn&quot;}\" data-sheets-userformat=\"{&quot;2&quot;:769,&quot;3&quot;:{&quot;1&quot;:0},&quot;11&quot;:4,&quot;12&quot;:0}\">Ilgis pagal dyd\u012f:<br \/>\nS \u2013 90 cm<br \/>\nM \u2013 90 cm<br \/>\nL \u2013 90 cm<br \/>\n<\/span><\/p>\n<p><span data-sheets-value=\"{&quot;1&quot;:2,&quot;2&quot;:&quot;Chest measurements by size:n 60 cmn&quot;}\" data-sheets-userformat=\"{&quot;2&quot;:769,&quot;3&quot;:{&quot;1&quot;:0},&quot;11&quot;:4,&quot;12&quot;:0}\">Rankov\u0117s ilgis:<br \/>\n30 cm<\/span><\/p>\n<p><b>Modelio \u016bgis: 172 cm (5&#8242; 8&#8243;)<\/b><\/p>","protected":false},"featured_media":3757,"template":"","meta":{"_acf_changed":false},"product_brand":[],"product_cat":[60,63,54],"product_tag":[],"class_list":{"0":"post-3915","1":"product","2":"type-product","3":"status-publish","4":"has-post-thumbnail","6":"product_cat-ispardavimas","7":"product_cat-produktai","8":"product_cat-sukneles","9":"pa_size-s","10":"pa_size-m","11":"pa_size-l","13":"first","14":"instock","15":"shipping-taxable","16":"purchasable","17":"product-type-variable"},"acf":[],"jetpack_sharing_enabled":true,"_links":{"self":[{"href":"https:\/\/tasku.lt\/en\/wp-json\/wp\/v2\/product\/3915","targetHints":{"allow":["GET"]}}],"collection":[{"href":"https:\/\/tasku.lt\/en\/wp-json\/wp\/v2\/product"}],"about":[{"href":"https:\/\/tasku.lt\/en\/wp-json\/wp\/v2\/types\/product"}],"wp:featuredmedia":[{"embeddable":true,"href":"https:\/\/tasku.lt\/en\/wp-json\/wp\/v2\/media\/3757"}],"wp:attachment":[{"href":"https:\/\/tasku.lt\/en\/wp-json\/wp\/v2\/media?parent=3915"}],"wp:term":[{"taxonomy":"product_brand","embeddable":true,"href":"https:\/\/tasku.lt\/en\/wp-json\/wp\/v2\/product_brand?post=3915"},{"taxonomy":"product_cat","embeddable":true,"href":"https:\/\/tasku.lt\/en\/wp-json\/wp\/v2\/product_cat?post=3915"},{"taxonomy":"product_tag","embeddable":true,"href":"https:\/\/tasku.lt\/en\/wp-json\/wp\/v2\/product_tag?post=3915"}],"curies":[{"name":"wp","href":"https:\/\/api.w.org\/{rel}","templated":true}]}}