{"id":3911,"date":"2022-06-12T23:13:17","date_gmt":"2022-06-13T17:59:18","guid":{"rendered":"http:\/\/tasku.lt\/?post_type=product&#038;p=3911"},"modified":"2025-12-02T01:35:43","modified_gmt":"2025-12-01T23:35:43","slug":"geltona-slip-suknele","status":"publish","type":"product","link":"https:\/\/tasku.lt\/en\/product\/geltona-slip-suknele\/","title":{"rendered":"Geltona SLIP Suknel\u0117"},"content":{"rendered":"","protected":false},"excerpt":{"rendered":"<p><b>Apie produkt\u0105<br \/>\n<\/b>Moteri\u0161ka suknel\u0117 su petne\u0161\u0117l\u0117mis, priglundanti prie k\u016bno. Siluetas prisitaiko prie k\u016bno form\u0173. Audinys nesiglam\u017eo.<\/p>\n<p><strong>Sud\u0117tis<\/strong><br \/>\n100% polyester<\/p>\n<p><b>I\u0161matavimai<\/b><br \/>\n<span data-sheets-value=\"{&quot;1&quot;:2,&quot;2&quot;:&quot;Chest measurements by size:nS\/M \u2013 55 cm nM\/L \u2013 62 cm &quot;}\" data-sheets-userformat=\"{&quot;2&quot;:769,&quot;3&quot;:{&quot;1&quot;:0},&quot;11&quot;:4,&quot;12&quot;:0}\">Kr\u016btin\u0117s i\u0161matavimai pagal dyd\u012f:<br \/>\nS \u201346 cm<br \/>\nM \u2013 49 cm<br \/>\nL \u2013 52 cm <\/span><\/p>\n<p><span data-sheets-value=\"{&quot;1&quot;:2,&quot;2&quot;:&quot;Chest measurements by size:n 60 cmn&quot;}\" data-sheets-userformat=\"{&quot;2&quot;:769,&quot;3&quot;:{&quot;1&quot;:0},&quot;11&quot;:4,&quot;12&quot;:0}\">Ilgis pagal dyd\u012f:<br \/>\nS \u2013 115 cm<br \/>\nM \u2013 115 cm<br \/>\nL \u2013 115 cm<br \/>\n<\/span><\/p>\n<p><span data-sheets-value=\"{&quot;1&quot;:2,&quot;2&quot;:&quot;Chest measurements by size:n 60 cmn&quot;}\" data-sheets-userformat=\"{&quot;2&quot;:769,&quot;3&quot;:{&quot;1&quot;:0},&quot;11&quot;:4,&quot;12&quot;:0}\">Klub\u0173 i\u0161matavimai pagal dyd\u012f:<br \/>\nS \u2013 49 cm<br \/>\nM \u2013 52 cm<br \/>\nL \u2013 55 cm<\/span><\/p>\n<p><b>Modelio \u016bgis: 172 cm (5&#8242; 8&#8243;)<\/b><\/p>","protected":false},"featured_media":3749,"template":"","meta":{"_acf_changed":false},"product_brand":[],"product_cat":[60,63,36,54],"product_tag":[],"class_list":{"0":"post-3911","1":"product","2":"type-product","3":"status-publish","4":"has-post-thumbnail","6":"product_cat-ispardavimas","7":"product_cat-produktai","8":"product_cat-sale","9":"product_cat-sukneles","10":"pa_size-s","11":"pa_size-m","12":"pa_size-l","14":"first","15":"instock","16":"shipping-taxable","17":"purchasable","18":"product-type-variable"},"acf":[],"jetpack_sharing_enabled":true,"_links":{"self":[{"href":"https:\/\/tasku.lt\/en\/wp-json\/wp\/v2\/product\/3911","targetHints":{"allow":["GET"]}}],"collection":[{"href":"https:\/\/tasku.lt\/en\/wp-json\/wp\/v2\/product"}],"about":[{"href":"https:\/\/tasku.lt\/en\/wp-json\/wp\/v2\/types\/product"}],"wp:featuredmedia":[{"embeddable":true,"href":"https:\/\/tasku.lt\/en\/wp-json\/wp\/v2\/media\/3749"}],"wp:attachment":[{"href":"https:\/\/tasku.lt\/en\/wp-json\/wp\/v2\/media?parent=3911"}],"wp:term":[{"taxonomy":"product_brand","embeddable":true,"href":"https:\/\/tasku.lt\/en\/wp-json\/wp\/v2\/product_brand?post=3911"},{"taxonomy":"product_cat","embeddable":true,"href":"https:\/\/tasku.lt\/en\/wp-json\/wp\/v2\/product_cat?post=3911"},{"taxonomy":"product_tag","embeddable":true,"href":"https:\/\/tasku.lt\/en\/wp-json\/wp\/v2\/product_tag?post=3911"}],"curies":[{"name":"wp","href":"https:\/\/api.w.org\/{rel}","templated":true}]}}