{"id":2592,"date":"2021-05-18T21:25:05","date_gmt":"2021-05-18T18:25:05","guid":{"rendered":"http:\/\/tasku.lt\/?post_type=product&#038;p=2592"},"modified":"2025-12-02T01:35:43","modified_gmt":"2025-12-01T23:35:43","slug":"trumpa-marga-suknele","status":"publish","type":"product","link":"https:\/\/tasku.lt\/en\/product\/trumpa-marga-suknele\/","title":{"rendered":"Trumpa Marga Suknel\u0117"},"content":{"rendered":"","protected":false},"excerpt":{"rendered":"<p><b>Apie produkt\u0105<br \/>\n<\/b>Moteri\u0161ka suknel\u0117 iki keli\u0173 i\u0161 lengvai krintan\u010dio, nesiglam\u017ean\u010dio audinio. \u0160iek tiek p\u016bstomis rankov\u0117mis, \u012fstri\u017ea apa\u010dia dekoruotu volanu. Turi ki\u0161enes.<\/p>\n<p><strong>Sud\u0117tis<\/strong><br \/>\n70% viskoz\u0117, 30% poliesteris<\/p>\n<p><b>I\u0161matavimai (patiesto drabu\u017eio)<\/b><br \/>\nKr\u016btin\u0117s i\u0161matavimai pagal dyd\u012f:<br \/>\nS &#8211; 46 cm<br \/>\nM &#8211; 48 cm<br \/>\nL &#8211; 50 cm<\/p>\n<p>Klub\u0173 i\u0161matavimai pagal dyd\u012f:<br \/>\nS \u2013 48 cm<br \/>\nM \u2013 50 cm<br \/>\nL \u2013 52 cm<\/p>\n<p>Ilgis \u2013 90 cm<\/p>\n<p>Rankov\u0117s ilgis \u2013 15 cm (matuojant nuo pa\u017easties)<\/p>\n<p><b>Modelio \u016bgis: 172 cm<\/b><\/p>","protected":false},"featured_media":2385,"template":"","meta":{"_acf_changed":false},"product_brand":[],"product_cat":[60,63,54],"product_tag":[],"class_list":{"0":"post-2592","1":"product","2":"type-product","3":"status-publish","4":"has-post-thumbnail","6":"product_cat-ispardavimas","7":"product_cat-produktai","8":"product_cat-sukneles","9":"pa_size-s","10":"pa_size-m","11":"pa_size-l","13":"first","14":"instock","15":"shipping-taxable","16":"purchasable","17":"product-type-variable"},"acf":[],"jetpack_sharing_enabled":true,"_links":{"self":[{"href":"https:\/\/tasku.lt\/en\/wp-json\/wp\/v2\/product\/2592","targetHints":{"allow":["GET"]}}],"collection":[{"href":"https:\/\/tasku.lt\/en\/wp-json\/wp\/v2\/product"}],"about":[{"href":"https:\/\/tasku.lt\/en\/wp-json\/wp\/v2\/types\/product"}],"wp:featuredmedia":[{"embeddable":true,"href":"https:\/\/tasku.lt\/en\/wp-json\/wp\/v2\/media\/2385"}],"wp:attachment":[{"href":"https:\/\/tasku.lt\/en\/wp-json\/wp\/v2\/media?parent=2592"}],"wp:term":[{"taxonomy":"product_brand","embeddable":true,"href":"https:\/\/tasku.lt\/en\/wp-json\/wp\/v2\/product_brand?post=2592"},{"taxonomy":"product_cat","embeddable":true,"href":"https:\/\/tasku.lt\/en\/wp-json\/wp\/v2\/product_cat?post=2592"},{"taxonomy":"product_tag","embeddable":true,"href":"https:\/\/tasku.lt\/en\/wp-json\/wp\/v2\/product_tag?post=2592"}],"curies":[{"name":"wp","href":"https:\/\/api.w.org\/{rel}","templated":true}]}}