{"id":2560,"date":"2021-05-18T21:25:11","date_gmt":"2021-05-18T18:25:11","guid":{"rendered":"http:\/\/tasku.lt\/?post_type=product&#038;p=2560"},"modified":"2025-04-16T06:44:11","modified_gmt":"2025-04-16T03:44:11","slug":"smelines-kelnes-su-ikirpimais","status":"publish","type":"product","link":"https:\/\/tasku.lt\/en\/product\/smelines-kelnes-su-ikirpimais\/","title":{"rendered":"Sm\u0117lin\u0117s Keln\u0117s su \u012ekirpimais"},"content":{"rendered":"","protected":false},"excerpt":{"rendered":"<p><b>Apie produkt\u0105<br \/>\n<\/b>Tiesios moteri\u0161kos keln\u0117s i\u0161 lengvai krintan\u010dio audinio su \u012fkirpimais keli\u0173 srityje ir ki\u0161en\u0117mis.<\/p>\n<p><strong>Sud\u0117tis<\/strong><br \/>\n100% poliesteris<\/p>\n<p><b>I\u0161matavimai (patiesto drabu\u017eio)<\/b><br \/>\nLiemens i\u0161matavimai pagal dyd\u012f:<br \/>\nS \u2013 40 cm<br \/>\nM \u2013 42 cm<br \/>\nL \u2013 45 cm<\/p>\n<p>Klub\u0173 i\u0161matavimai pagal dyd\u012f:<br \/>\nS \u2013 45 cm<br \/>\nM \u2013 47 cm<br \/>\nL \u2013 50 cm<\/p>\n<p>Ilgis matuojant nuo tarpkojo:<br \/>\nS \u2013 76 cm<br \/>\nM \u2013 76 cm<br \/>\nL \u2013 76 cm<\/p>\n<p><b>Modelio \u016bgis: 172 cm<\/b><\/p>","protected":false},"featured_media":2279,"template":"","meta":{"_acf_changed":false},"product_brand":[],"product_cat":[60,56,63,36],"product_tag":[],"class_list":{"0":"post-2560","1":"product","2":"type-product","3":"status-publish","4":"has-post-thumbnail","6":"product_cat-ispardavimas","7":"product_cat-kelnes","8":"product_cat-produktai","9":"product_cat-sale","10":"pa_size-s","11":"pa_size-m","12":"pa_size-l","14":"first","15":"instock","16":"sale","17":"shipping-taxable","18":"purchasable","19":"product-type-variable"},"acf":[],"jetpack_sharing_enabled":true,"_links":{"self":[{"href":"https:\/\/tasku.lt\/en\/wp-json\/wp\/v2\/product\/2560","targetHints":{"allow":["GET"]}}],"collection":[{"href":"https:\/\/tasku.lt\/en\/wp-json\/wp\/v2\/product"}],"about":[{"href":"https:\/\/tasku.lt\/en\/wp-json\/wp\/v2\/types\/product"}],"wp:featuredmedia":[{"embeddable":true,"href":"https:\/\/tasku.lt\/en\/wp-json\/wp\/v2\/media\/2279"}],"wp:attachment":[{"href":"https:\/\/tasku.lt\/en\/wp-json\/wp\/v2\/media?parent=2560"}],"wp:term":[{"taxonomy":"product_brand","embeddable":true,"href":"https:\/\/tasku.lt\/en\/wp-json\/wp\/v2\/product_brand?post=2560"},{"taxonomy":"product_cat","embeddable":true,"href":"https:\/\/tasku.lt\/en\/wp-json\/wp\/v2\/product_cat?post=2560"},{"taxonomy":"product_tag","embeddable":true,"href":"https:\/\/tasku.lt\/en\/wp-json\/wp\/v2\/product_tag?post=2560"}],"curies":[{"name":"wp","href":"https:\/\/api.w.org\/{rel}","templated":true}]}}