{"id":1363,"date":"2021-01-30T23:16:30","date_gmt":"2021-01-30T21:16:30","guid":{"rendered":"http:\/\/tasku.lt\/product\/juoda-suknele-su-raukiniais\/"},"modified":"2025-12-02T01:35:44","modified_gmt":"2025-12-01T23:35:44","slug":"juoda-suknele-su-raukiniais","status":"publish","type":"product","link":"https:\/\/tasku.lt\/en\/product\/juoda-suknele-su-raukiniais\/","title":{"rendered":"Juoda Suknel\u0117 su Raukiniais"},"content":{"rendered":"","protected":false},"excerpt":{"rendered":"<p><strong>Sud\u0117tis<\/strong><br \/>\n70% viskoz\u0117, 30% poliesteris<\/p>\n<p><b>I\u0161matavimai<br \/>\n<\/b>Kr\u016btin\u0117s i\u0161matavimai pagal dyd\u012f:<br \/>\nS \u2013 52 cm (20,5&#8243;)<br \/>\nM \u2013 54 cm (21,3&#8243;)<br \/>\nL \u2013 56 cm (22&#8243;)<\/p>\n<p>Ilgis pagal dyd\u012f:<br \/>\nS &#8211; 95 cm (37,4&#8243;)<br \/>\nM &#8211; 95 cm (37,4&#8243;)<br \/>\nL &#8211; 97 cm (38,2&#8243;)<\/p>\n<p>Klub\u0173 i\u0161matavimai pagal dyd\u012f:<br \/>\nS \u2013 54 cm (21,3&#8243;)<br \/>\nM \u2013 56 cm (22&#8243;)<br \/>\nL \u2013 58 cm (22,8&#8243;)<\/p>\n<p><b>Modelio \u016bgis: 172 cm (5&#8242; 8&#8243;)<\/b><\/p>","protected":false},"featured_media":1368,"template":"","meta":{"_acf_changed":false},"product_brand":[],"product_cat":[60,63,54],"product_tag":[78],"class_list":{"0":"post-1363","1":"product","2":"type-product","3":"status-publish","4":"has-post-thumbnail","6":"product_cat-ispardavimas","7":"product_cat-produktai","8":"product_cat-sukneles","9":"product_tag-oos","10":"pa_size-s","11":"pa_size-m","12":"pa_size-l","14":"first","15":"instock","16":"shipping-taxable","17":"purchasable","18":"product-type-variable"},"acf":[],"jetpack_sharing_enabled":true,"_links":{"self":[{"href":"https:\/\/tasku.lt\/en\/wp-json\/wp\/v2\/product\/1363","targetHints":{"allow":["GET"]}}],"collection":[{"href":"https:\/\/tasku.lt\/en\/wp-json\/wp\/v2\/product"}],"about":[{"href":"https:\/\/tasku.lt\/en\/wp-json\/wp\/v2\/types\/product"}],"wp:featuredmedia":[{"embeddable":true,"href":"https:\/\/tasku.lt\/en\/wp-json\/wp\/v2\/media\/1368"}],"wp:attachment":[{"href":"https:\/\/tasku.lt\/en\/wp-json\/wp\/v2\/media?parent=1363"}],"wp:term":[{"taxonomy":"product_brand","embeddable":true,"href":"https:\/\/tasku.lt\/en\/wp-json\/wp\/v2\/product_brand?post=1363"},{"taxonomy":"product_cat","embeddable":true,"href":"https:\/\/tasku.lt\/en\/wp-json\/wp\/v2\/product_cat?post=1363"},{"taxonomy":"product_tag","embeddable":true,"href":"https:\/\/tasku.lt\/en\/wp-json\/wp\/v2\/product_tag?post=1363"}],"curies":[{"name":"wp","href":"https:\/\/api.w.org\/{rel}","templated":true}]}}