{"id":1143,"date":"2021-01-30T23:16:42","date_gmt":"2021-01-30T21:16:42","guid":{"rendered":"http:\/\/tasku.lt\/product\/dovanu-kuponas-30e-vertes\/"},"modified":"2023-12-17T21:52:12","modified_gmt":"2023-12-17T19:52:12","slug":"dovanu-kuponas-30e-vertes","status":"publish","type":"product","link":"https:\/\/tasku.lt\/en\/product\/dovanu-kuponas-30e-vertes\/","title":{"rendered":"Dovan\u0173 Kuponas 30\u20ac Vert\u0117s"},"content":{"rendered":"","protected":false},"excerpt":{"rendered":"<p>Nustebink savo artim\u0105 dovan\u0173 kuponu, kuris leis apsipirkti ta\u0161ku.lt parduotuv\u0117je u\u017e 30\u20ac. El. pa\u0161tu atsi\u0173sime nurodytos vert\u0117s kupon\u0105, kuriame nurodyt\u0105 kod\u0105 \u012fvedus atsiskaitymo metu, bus pritaikoma nurodyto dyd\u017eio nuolaida apsipirkimui. Jeigu norite gauti fizin\u012f kupon\u0105 \u2013 po u\u017esakymo pateikimo susisiekite su mumis ir sutarsime kaip atlikti pristatym\u0105.<\/p>","protected":false},"featured_media":1144,"template":"","meta":{"_acf_changed":false},"product_brand":[],"product_cat":[55,60,63,36],"product_tag":[78],"class_list":{"0":"post-1143","1":"product","2":"type-product","3":"status-publish","4":"has-post-thumbnail","6":"product_cat-dovanu-kuponai","7":"product_cat-ispardavimas","8":"product_cat-produktai","9":"product_cat-sale","10":"product_tag-oos","12":"first","13":"instock","14":"virtual","15":"purchasable","16":"product-type-simple"},"acf":[],"jetpack_sharing_enabled":true,"_links":{"self":[{"href":"https:\/\/tasku.lt\/en\/wp-json\/wp\/v2\/product\/1143","targetHints":{"allow":["GET"]}}],"collection":[{"href":"https:\/\/tasku.lt\/en\/wp-json\/wp\/v2\/product"}],"about":[{"href":"https:\/\/tasku.lt\/en\/wp-json\/wp\/v2\/types\/product"}],"wp:featuredmedia":[{"embeddable":true,"href":"https:\/\/tasku.lt\/en\/wp-json\/wp\/v2\/media\/1144"}],"wp:attachment":[{"href":"https:\/\/tasku.lt\/en\/wp-json\/wp\/v2\/media?parent=1143"}],"wp:term":[{"taxonomy":"product_brand","embeddable":true,"href":"https:\/\/tasku.lt\/en\/wp-json\/wp\/v2\/product_brand?post=1143"},{"taxonomy":"product_cat","embeddable":true,"href":"https:\/\/tasku.lt\/en\/wp-json\/wp\/v2\/product_cat?post=1143"},{"taxonomy":"product_tag","embeddable":true,"href":"https:\/\/tasku.lt\/en\/wp-json\/wp\/v2\/product_tag?post=1143"}],"curies":[{"name":"wp","href":"https:\/\/api.w.org\/{rel}","templated":true}]}}