{"id":1710,"date":"2021-01-31T16:06:39","date_gmt":"2021-01-31T14:06:39","guid":{"rendered":"http:\/\/tasku.lt\/about-us\/"},"modified":"2024-07-22T21:55:21","modified_gmt":"2024-07-22T18:55:21","slug":"apie-mus","status":"publish","type":"page","link":"https:\/\/tasku.lt\/en\/apie-mus\/","title":{"rendered":"Apie mus"},"content":{"rendered":"<div class=\"wpb-content-wrapper\"><div class=\"vc_row wpb_row vc_row-fluid\"><div class=\"wpb_column vc_column_container vc_col-sm-2\"><div class=\"vc_column-inner\"><div class=\"wpb_wrapper\"><span class=\"konte-dash text-default\"><span class=\"konte-dash__line\"><\/span><\/span><\/div><\/div><\/div><div class=\"wpb_column vc_column_container vc_col-sm-8\"><div class=\"vc_column-inner\"><div class=\"wpb_wrapper\"><h2 style=\"text-align: left\" class=\"vc_custom_heading\" >Prekinis \u017eenklas<\/h2><div class=\"vc_empty_space\"   style=\"height: 10px\"><span class=\"vc_empty_space_inner\"><\/span><\/div>\n\t<div class=\"wpb_text_column wpb_content_element\" >\n\t\t<div class=\"wpb_wrapper\">\n\t\t\t<h5>&#8222;ta\u0161kU&#8221; yra lietuvi\u0161kas prekinis \u017eenklas skirtas visiems ir visoms mylin\u010dioms mad\u0105 bei m\u0117gstan\u010dioms ak\u012f traukinat\u012f stili\u0173. Tokie \u017emon\u0117s rengiasi taip, kaip jiems patinka. Niekas nelieka nepasteb\u0117tas su &#8222;ta\u0161kU&#8221; drabu\u017eiais.<\/h5>\n<p>Prekinis \u017eenklas gim\u0117 2015 metais ie\u0161kant i\u0161skirtini\u0173 drabu\u017ei\u0173 ir susid\u016brus su i\u0161skirtini\u0173 id\u0117j\u0173 bei sprendim\u0173 tr\u016bkumu rinkoje. Viskas prasid\u0117jo kuriant i\u0161skirtinius d\u017eemperi\u0173 modelius ir dekoruojant juos rankomis tiesiai ant audinio. B\u016btent tuo ta\u0161kU ir i\u0161siskyr\u0117 rinkoje tuo metu. Ne vien modeliai buvo i\u0161skirtiniai, ta\u010diau kiekvienas produktas b\u016bdavo unikalus, nes buvo pie\u0161iamas i\u0161skirtinai rankomis ir niekada nesigauvo identi\u0161kai taip pat, kaip prie\u0161 tai buv\u0119.<\/p>\n<p>B\u0117gant laikui prekinis \u017eenklas tobl\u0117jo, asortiment\u0105 papild\u0117 daugiau skirting\u0173 modeli\u0173, gaminami kiekiai stipriai i\u0161augo. Nepaisant to, kad rankomis pie\u0161ti ant kiekvieno savo drabu\u017eio nebesp\u0117jame fizi\u0161kai, ta\u010diau jie vis vien i\u0161lieka unikal\u016bs, kadangi kiekvien\u0105 pie\u0161in\u012f kuriame patys nuo pat pirmo \u0161tricho ir nenaudojame joki\u0173 pirktini\u0173 paveiksl\u0117li\u0173 spaudai ant savo gamini\u0173.<\/p>\n<p>Laimingi ir patenkinti klientai yra m\u016bs\u0173 pagrindinis tikslas. B\u016btent d\u0117l \u0161ios prie\u017easties labai vertiname kokyb\u0119, auk\u0161to lygio paslaugas ir tikim\u0117s padaryti savo klientus laimingais vedini vizijos, kad m\u016bs\u0173 drabu\u017eiai tapt\u0173 naujaisiais j\u016bs\u0173 m\u0117gstamiausiais garderobo drabu\u017eiais.<\/p>\n\n\t\t<\/div>\n\t<\/div>\n<\/div><\/div><\/div><div class=\"wpb_column vc_column_container vc_col-sm-2\"><div class=\"vc_column-inner\"><div class=\"wpb_wrapper\"><\/div><\/div><\/div><\/div><div class=\"vc_row wpb_row vc_row-fluid\"><div class=\"wpb_column vc_column_container vc_col-sm-2\"><div class=\"vc_column-inner\"><div class=\"wpb_wrapper\"><\/div><\/div><\/div><div class=\"wpb_column vc_column_container vc_col-sm-2\"><div class=\"vc_column-inner\"><div class=\"wpb_wrapper\"><h4 style=\"text-align: left\" class=\"vc_custom_heading\" >Atsakomyb\u0117<\/h4><div class=\"vc_empty_space\"   style=\"height: 30px\"><span class=\"vc_empty_space_inner\"><\/span><\/div><\/div><\/div><\/div><div class=\"wpb_column vc_column_container vc_col-sm-6\"><div class=\"vc_column-inner\"><div class=\"wpb_wrapper\">\n\t<div class=\"wpb_text_column wpb_content_element\" >\n\t\t<div class=\"wpb_wrapper\">\n\t\t\t<p>Kreipiame itin didel\u012f d\u0117mes\u012f rinkdamiesi med\u017eiag\u0173 gamintojus ir tiek\u0117jus, kadangi labai vertiname kokyb\u0119. Kruop\u0161\u010diai kuriame kiekvien\u0105 model\u012f, kad galutinis produktas m\u016bs\u0173 mylimiems klientams b\u016bt\u0173 ne tik gra\u017eus, ta\u010diau patogus, auk\u0161tos kokyb\u0117s ir tuo pat metu funkcionalus gaminys.<\/p>\n\n\t\t<\/div>\n\t<\/div>\n<\/div><\/div><\/div><\/div><div class=\"vc_row wpb_row vc_row-fluid\"><div class=\"wpb_column vc_column_container vc_col-sm-2\"><div class=\"vc_column-inner\"><div class=\"wpb_wrapper\"><\/div><\/div><\/div><div class=\"wpb_column vc_column_container vc_col-sm-2\"><div class=\"vc_column-inner\"><div class=\"wpb_wrapper\"><h4 style=\"text-align: left\" class=\"vc_custom_heading\" >Kokyb\u0117<\/h4><div class=\"vc_empty_space\"   style=\"height: 30px\"><span class=\"vc_empty_space_inner\"><\/span><\/div><\/div><\/div><\/div><div class=\"wpb_column vc_column_container vc_col-sm-6\"><div class=\"vc_column-inner\"><div class=\"wpb_wrapper\">\n\t<div class=\"wpb_text_column wpb_content_element\" >\n\t\t<div class=\"wpb_wrapper\">\n\t\t\t<p>Visi m\u016bs\u0173 produktai yra nuo prad\u017ei\u0173 iki pabaigos gaminami Lietuvoje, pradedant nuo id\u0117jos ir baigiant paskutine si\u016ble ir dekuoruojant visk\u0105 specialiai m\u016bs\u0173 kurtais pie\u0161iniais. D\u0117l to, kad valdome vis\u0105 gamybos proces\u0105 nuo prad\u017eios iki galo, esame lankst\u016bs ir galime pasi\u016blyti nestandartinius m\u016bs\u0173 gamini\u0173 dyd\u017eius savo klientams pagal specifinius i\u0161matavimus.<\/p>\n\n\t\t<\/div>\n\t<\/div>\n<\/div><\/div><\/div><\/div><div class=\"vc_row wpb_row vc_row-fluid\"><div class=\"wpb_column vc_column_container vc_col-sm-2\"><div class=\"vc_column-inner\"><div class=\"wpb_wrapper\"><\/div><\/div><\/div><div class=\"wpb_column vc_column_container vc_col-sm-2\"><div class=\"vc_column-inner\"><div class=\"wpb_wrapper\"><h4 style=\"text-align: left\" class=\"vc_custom_heading\" >I\u0161skirtinumas<\/h4><div class=\"vc_empty_space\"   style=\"height: 30px\"><span class=\"vc_empty_space_inner\"><\/span><\/div><\/div><\/div><\/div><div class=\"wpb_column vc_column_container vc_col-sm-6\"><div class=\"vc_column-inner\"><div class=\"wpb_wrapper\">\n\t<div class=\"wpb_text_column wpb_content_element\" >\n\t\t<div class=\"wpb_wrapper\">\n\t\t\t<p>Visi pie\u0161iniai, kuriais marginame dal\u012f savo produkcijos, nuo pirmojo \u0161tricho yra kurti m\u016bs\u0173 pa\u010di\u0173. Tod\u0117l galime u\u017etikrinti, kad ne tik m\u016bs\u0173 si\u016blomi modeliai, bet ir j\u016b dekoras yra visi\u0161kai unikal\u016bs.<\/p>\n\n\t\t<\/div>\n\t<\/div>\n<\/div><\/div><\/div><\/div><div class=\"vc_row wpb_row vc_row-fluid\"><div class=\"wpb_column vc_column_container vc_col-sm-2\"><div class=\"vc_column-inner\"><div class=\"wpb_wrapper\"><\/div><\/div><\/div><div class=\"wpb_column vc_column_container vc_col-sm-2\"><div class=\"vc_column-inner\"><div class=\"wpb_wrapper\"><h4 style=\"text-align: left\" class=\"vc_custom_heading\" >Nestandartiniai dyd\u017eiai<\/h4><div class=\"vc_empty_space\"   style=\"height: 30px\"><span class=\"vc_empty_space_inner\"><\/span><\/div><\/div><\/div><\/div><div class=\"wpb_column vc_column_container vc_col-sm-6\"><div class=\"vc_column-inner\"><div class=\"wpb_wrapper\">\n\t<div class=\"wpb_text_column wpb_content_element\" >\n\t\t<div class=\"wpb_wrapper\">\n\t\t\t<p>Nepavyko rasti jums puikiai tinkan\u010dio dyd\u017eio? Visi\u0161kai ne problema! Kadangi visk\u0105 gaminame patys ir norime, kad m\u016bs\u0173 mylimi klientai b\u016bt\u0173 stilingi &#8211; visada galime pasi\u016blyti i\u0161skirtinius dyd\u017eius pagal J\u016bs\u0173 specifinius i\u0161matavimus. Viskas k\u0105 Jums reik\u0117s padaryti &#8211; pasidalinti su mumis savo i\u0161matavimais.<\/p>\n<p><strong><a href=\"http:\/\/tasku.lt\/en\/contact-us\/\">D\u0117l nestandartini\u0173 dyd\u017ei\u0173 pra\u0161ome susisiekti su mumis.<\/a><\/strong><\/p>\n\n\t\t<\/div>\n\t<\/div>\n<a href=\"http:\/\/tasku.lt\/en\/lt\/kontaktai\/\" title=\"Contact us\" class=\"konte-button button-normal text-dark align-inline normal   button rounded\">Susisiekite<\/a><\/div><\/div><\/div><\/div><div class=\"vc_row wpb_row vc_row-fluid\"><div class=\"wpb_column vc_column_container vc_col-sm-12\"><div class=\"vc_column-inner\"><div class=\"wpb_wrapper\"><div class=\"vc_empty_space\"   style=\"height: 40px\"><span class=\"vc_empty_space_inner\"><\/span><\/div><h4 style=\"text-align: left\" class=\"vc_custom_heading\" >Kur galite rasti m\u016bs\u0173 produkcijos<\/h4><div class=\"vc_empty_space\"   style=\"height: 10px\"><span class=\"vc_empty_space_inner\"><\/span><\/div>\n\t<div class=\"wpb_text_column wpb_content_element\" >\n\t\t<div class=\"wpb_wrapper\">\n\t\t\t<p>M\u016bs\u0173 internetin\u0117 parduotuv\u0117 ir studija n\u0117ra vienintel\u0117s vietos, kuriose galite rasti, pasimatuoti ir \u012fsigyti m\u016bs\u0173 produkcijos. Bendradarbiaujame su butikais, kuriuose galite pasimatuoti ir \u012fsigyti m\u016bs\u0173 drabu\u017ei\u0173.<\/p>\n\n\t\t<\/div>\n\t<\/div>\n<\/div><\/div><\/div><\/div><div class=\"vc_row wpb_row vc_row-fluid\"><div class=\"wpb_column vc_column_container vc_col-sm-3\"><div class=\"vc_column-inner\"><div class=\"wpb_wrapper\">\n\t<div  class=\"wpb_single_image wpb_content_element vc_align_left wpb_content_element\">\n\t\t\n\t\t<figure class=\"wpb_wrapper vc_figure\">\n\t\t\t<a href=\"https:\/\/www.facebook.com\/mimoza.namai\/\" target=\"_blank\" class=\"vc_single_image-wrapper   vc_box_border_grey\"><img loading=\"lazy\" decoding=\"async\" width=\"150\" height=\"150\" src=\"https:\/\/tasku.lt\/wp-content\/uploads\/2021\/02\/Mimoza-150x150.jpg\" class=\"vc_single_image-img attachment-thumbnail\" alt=\"\" title=\"Mimoza\" srcset=\"https:\/\/tasku.lt\/wp-content\/uploads\/2021\/02\/Mimoza-150x150.jpg 150w, https:\/\/tasku.lt\/wp-content\/uploads\/2021\/02\/Mimoza.jpg 300w\" sizes=\"auto, (max-width: 150px) 100vw, 150px\" \/><\/a>\n\t\t<\/figure>\n\t<\/div>\n<\/div><\/div><\/div><div class=\"wpb_column vc_column_container vc_col-sm-3\"><div class=\"vc_column-inner\"><div class=\"wpb_wrapper\">\n\t<div  class=\"wpb_single_image wpb_content_element vc_align_left wpb_content_element\">\n\t\t\n\t\t<figure class=\"wpb_wrapper vc_figure\">\n\t\t\t<a href=\"https:\/\/www.facebook.com\/julybutikas\/\" target=\"_blank\" class=\"vc_single_image-wrapper   vc_box_border_grey\"><img loading=\"lazy\" decoding=\"async\" width=\"150\" height=\"150\" src=\"https:\/\/tasku.lt\/wp-content\/uploads\/2021\/02\/JULY-150x150.jpg\" class=\"vc_single_image-img attachment-thumbnail\" alt=\"\" title=\"JULY\" srcset=\"https:\/\/tasku.lt\/wp-content\/uploads\/2021\/02\/JULY-150x150.jpg 150w, https:\/\/tasku.lt\/wp-content\/uploads\/2021\/02\/JULY.jpg 300w\" sizes=\"auto, (max-width: 150px) 100vw, 150px\" \/><\/a>\n\t\t<\/figure>\n\t<\/div>\n<\/div><\/div><\/div><div class=\"wpb_column vc_column_container vc_col-sm-3\"><div class=\"vc_column-inner\"><div class=\"wpb_wrapper\">\n\t<div  class=\"wpb_single_image wpb_content_element vc_align_left wpb_content_element\">\n\t\t\n\t\t<figure class=\"wpb_wrapper vc_figure\">\n\t\t\t<a href=\"https:\/\/www.facebook.com\/Lemuras.apranga\/\" target=\"_blank\" class=\"vc_single_image-wrapper   vc_box_border_grey\"><img loading=\"lazy\" decoding=\"async\" width=\"150\" height=\"150\" src=\"https:\/\/tasku.lt\/wp-content\/uploads\/2021\/02\/Lemuras-150x150.jpg\" class=\"vc_single_image-img attachment-thumbnail\" alt=\"\" title=\"Lemuras\" srcset=\"https:\/\/tasku.lt\/wp-content\/uploads\/2021\/02\/Lemuras-150x150.jpg 150w, https:\/\/tasku.lt\/wp-content\/uploads\/2021\/02\/Lemuras.jpg 300w\" sizes=\"auto, (max-width: 150px) 100vw, 150px\" \/><\/a>\n\t\t<\/figure>\n\t<\/div>\n<\/div><\/div><\/div><div class=\"wpb_column vc_column_container vc_col-sm-3\"><div class=\"vc_column-inner\"><div class=\"wpb_wrapper\">\n\t<div  class=\"wpb_single_image wpb_content_element vc_align_left wpb_content_element\">\n\t\t\n\t\t<figure class=\"wpb_wrapper vc_figure\">\n\t\t\t<a href=\"https:\/\/www.facebook.com\/LightHauzas\/\" target=\"_blank\" class=\"vc_single_image-wrapper   vc_box_border_grey\"><img loading=\"lazy\" decoding=\"async\" width=\"150\" height=\"150\" src=\"https:\/\/tasku.lt\/wp-content\/uploads\/2021\/02\/Lighthauzas-150x150.jpg\" class=\"vc_single_image-img attachment-thumbnail\" alt=\"\" title=\"Lighthauzas\" srcset=\"https:\/\/tasku.lt\/wp-content\/uploads\/2021\/02\/Lighthauzas-150x150.jpg 150w, https:\/\/tasku.lt\/wp-content\/uploads\/2021\/02\/Lighthauzas.jpg 300w\" sizes=\"auto, (max-width: 150px) 100vw, 150px\" \/><\/a>\n\t\t<\/figure>\n\t<\/div>\n<\/div><\/div><\/div><\/div><div class=\"vc_row wpb_row vc_row-fluid\"><div class=\"wpb_column vc_column_container vc_col-sm-3\"><div class=\"vc_column-inner\"><div class=\"wpb_wrapper\">\n\t<div  class=\"wpb_single_image wpb_content_element vc_align_left wpb_content_element\">\n\t\t\n\t\t<figure class=\"wpb_wrapper vc_figure\">\n\t\t\t<a href=\"https:\/\/www.facebook.com\/Krunnipea\/\" target=\"_blank\" class=\"vc_single_image-wrapper   vc_box_border_grey\"><img loading=\"lazy\" decoding=\"async\" width=\"150\" height=\"150\" src=\"https:\/\/tasku.lt\/wp-content\/uploads\/2021\/02\/Krunnipea-150x150.png\" class=\"vc_single_image-img attachment-thumbnail\" alt=\"\" title=\"Krunnipea\" srcset=\"https:\/\/tasku.lt\/wp-content\/uploads\/2021\/02\/Krunnipea-150x150.png 150w, https:\/\/tasku.lt\/wp-content\/uploads\/2021\/02\/Krunnipea.png 300w\" sizes=\"auto, (max-width: 150px) 100vw, 150px\" \/><\/a>\n\t\t<\/figure>\n\t<\/div>\n<\/div><\/div><\/div><div class=\"wpb_column vc_column_container vc_col-sm-3\"><div class=\"vc_column-inner\"><div class=\"wpb_wrapper\">\n\t<div  class=\"wpb_single_image wpb_content_element vc_align_left wpb_content_element\">\n\t\t\n\t\t<figure class=\"wpb_wrapper vc_figure\">\n\t\t\t<a href=\"https:\/\/www.facebook.com\/tavostiliuskedainiai\/\" target=\"_blank\" class=\"vc_single_image-wrapper   vc_box_border_grey\"><img loading=\"lazy\" decoding=\"async\" width=\"150\" height=\"150\" src=\"https:\/\/tasku.lt\/wp-content\/uploads\/2021\/02\/Tavo_stilius-150x150.jpg\" class=\"vc_single_image-img attachment-thumbnail\" alt=\"\" title=\"Tavo_stilius\" srcset=\"https:\/\/tasku.lt\/wp-content\/uploads\/2021\/02\/Tavo_stilius-150x150.jpg 150w, https:\/\/tasku.lt\/wp-content\/uploads\/2021\/02\/Tavo_stilius.jpg 300w\" sizes=\"auto, (max-width: 150px) 100vw, 150px\" \/><\/a>\n\t\t<\/figure>\n\t<\/div>\n<\/div><\/div><\/div><div class=\"wpb_column vc_column_container vc_col-sm-3\"><div class=\"vc_column-inner\"><div class=\"wpb_wrapper\">\n\t<div  class=\"wpb_single_image wpb_content_element vc_align_left wpb_content_element\">\n\t\t\n\t\t<figure class=\"wpb_wrapper vc_figure\">\n\t\t\t<a href=\"https:\/\/www.facebook.com\/KIVIboutique\/\" target=\"_blank\" class=\"vc_single_image-wrapper   vc_box_border_grey\"><img loading=\"lazy\" decoding=\"async\" width=\"150\" height=\"150\" src=\"https:\/\/tasku.lt\/wp-content\/uploads\/2021\/02\/KIVI-150x150.jpg\" class=\"vc_single_image-img attachment-thumbnail\" alt=\"\" title=\"KIVI\" srcset=\"https:\/\/tasku.lt\/wp-content\/uploads\/2021\/02\/KIVI-150x150.jpg 150w, https:\/\/tasku.lt\/wp-content\/uploads\/2021\/02\/KIVI.jpg 300w\" sizes=\"auto, (max-width: 150px) 100vw, 150px\" \/><\/a>\n\t\t<\/figure>\n\t<\/div>\n<\/div><\/div><\/div><div class=\"wpb_column vc_column_container vc_col-sm-3\"><div class=\"vc_column-inner\"><div class=\"wpb_wrapper\">\n\t<div  class=\"wpb_single_image wpb_content_element vc_align_left wpb_content_element\">\n\t\t\n\t\t<figure class=\"wpb_wrapper vc_figure\">\n\t\t\t<a href=\"https:\/\/www.facebook.com\/GreenPodium\/\" target=\"_blank\" class=\"vc_single_image-wrapper   vc_box_border_grey\"><img loading=\"lazy\" decoding=\"async\" width=\"150\" height=\"150\" src=\"https:\/\/tasku.lt\/wp-content\/uploads\/2021\/02\/Green_podium-150x150.jpg\" class=\"vc_single_image-img attachment-thumbnail\" alt=\"\" title=\"Green_podium\" srcset=\"https:\/\/tasku.lt\/wp-content\/uploads\/2021\/02\/Green_podium-150x150.jpg 150w, https:\/\/tasku.lt\/wp-content\/uploads\/2021\/02\/Green_podium.jpg 300w\" sizes=\"auto, (max-width: 150px) 100vw, 150px\" \/><\/a>\n\t\t<\/figure>\n\t<\/div>\n<\/div><\/div><\/div><\/div>\n<\/div>","protected":false},"excerpt":{"rendered":"Prekinis \u017eenklas \"ta\u0161kU\" yra lietuvi\u0161kas prekinis \u017eenklas skirtas visiems ir visoms mylin\u010dioms mad\u0105 bei m\u0117gstan\u010dioms ak\u012f traukinat\u012f stili\u0173. Tokie \u017emon\u0117s rengiasi taip, kaip jiems patinka. Niekas nelieka nepasteb\u0117tas su \"ta\u0161kU\"&hellip;","protected":false},"author":1,"featured_media":0,"parent":0,"menu_order":0,"comment_status":"closed","ping_status":"closed","template":"","meta":{"_acf_changed":false,"footnotes":""},"class_list":["post-1710","page","type-page","status-publish","hentry"],"acf":[],"jetpack_sharing_enabled":true,"_links":{"self":[{"href":"https:\/\/tasku.lt\/en\/wp-json\/wp\/v2\/pages\/1710","targetHints":{"allow":["GET"]}}],"collection":[{"href":"https:\/\/tasku.lt\/en\/wp-json\/wp\/v2\/pages"}],"about":[{"href":"https:\/\/tasku.lt\/en\/wp-json\/wp\/v2\/types\/page"}],"author":[{"embeddable":true,"href":"https:\/\/tasku.lt\/en\/wp-json\/wp\/v2\/users\/1"}],"replies":[{"embeddable":true,"href":"https:\/\/tasku.lt\/en\/wp-json\/wp\/v2\/comments?post=1710"}],"version-history":[{"count":1,"href":"https:\/\/tasku.lt\/en\/wp-json\/wp\/v2\/pages\/1710\/revisions"}],"predecessor-version":[{"id":5223,"href":"https:\/\/tasku.lt\/en\/wp-json\/wp\/v2\/pages\/1710\/revisions\/5223"}],"wp:attachment":[{"href":"https:\/\/tasku.lt\/en\/wp-json\/wp\/v2\/media?parent=1710"}],"curies":[{"name":"wp","href":"https:\/\/api.w.org\/{rel}","templated":true}]}}